{"id":35,"date":"2023-05-22T04:29:14","date_gmt":"2023-05-22T04:29:14","guid":{"rendered":"https:\/\/rccchristengemeinde.wordpress.com\/?page_id=35"},"modified":"2023-10-12T18:30:06","modified_gmt":"2023-10-12T18:30:06","slug":"o-nas","status":"publish","type":"page","link":"https:\/\/rccpolska.com\/pl\/","title":{"rendered":"O nas"},"content":{"rendered":"\t\t<div data-elementor-type=\"wp-page\" data-elementor-id=\"35\" class=\"elementor elementor-35\">\n\t\t\t\t\t\t<section class=\"elementor-section elementor-top-section elementor-element elementor-element-6e17384b elementor-section-boxed elementor-section-height-default elementor-section-height-default\" data-id=\"6e17384b\" data-element_type=\"section\" data-e-type=\"section\">\n\t\t\t\t\t\t<div class=\"elementor-container elementor-column-gap-default\">\n\t\t\t\t\t<div class=\"elementor-column elementor-col-100 elementor-top-column elementor-element elementor-element-296276c5\" data-id=\"296276c5\" data-element_type=\"column\" data-e-type=\"column\">\n\t\t\t<div class=\"elementor-widget-wrap elementor-element-populated\">\n\t\t\t\t<div class=\"elementor-element elementor-element-d5b2c71 e-flex e-con-boxed e-con e-parent\" data-id=\"d5b2c71\" data-element_type=\"container\" data-e-type=\"container\">\n\t\t\t\t\t<div class=\"e-con-inner\">\n\t\t\t\t<div class=\"elementor-element elementor-element-f8ea704 animated-slow elementor-invisible elementor-widget elementor-widget-text-editor\" data-id=\"f8ea704\" data-element_type=\"widget\" data-e-type=\"widget\" data-settings=\"{&quot;_animation&quot;:&quot;fadeIn&quot;,&quot;_animation_delay&quot;:500}\" data-widget_type=\"text-editor.default\">\n\t\t\t\t<div class=\"elementor-widget-container\">\n\t\t\t\t\t\t\t\t\t<h2 id=\"mochtest-du-wissen-ob-gott-wirklich-existiert-ob-er-sich-uns-offenbart-ob-er-antwortet\" class=\"wp-block-heading has-pale-cyan-blue-color has-text-color\">Kim jeste\u015bmy<\/h2><p>Nasz ko\u015bci\u00f3\u0142 RCC Polska jest grup\u0105 ludzi, kt\u00f3ra zebra\u0142a si\u0119 razem, pod\u0105\u017caj\u0105c za niesamowitym do\u015bwiadczeniem mocy i obecno\u015bci Boga w naszym \u017cyciu. Ka\u017cdy z cz\u0142onk\u00f3w ko\u015bcio\u0142a otrzyma\u0142 Ducha \u015awi\u0119tego, czego namacalnym dowodem, opisanym w Biblii jest fakt, \u017ce wszyscy m\u00f3wimy j\u0119zykami.<\/p><p>W momencie, w kt\u00f3rym otrzymali\u015bmy Ducha \u015awi\u0119tego Jezus Chrystus sta\u0142 si\u0119 dla nas realny. \u017bycie w Duchu jest ekscytuj\u0105ce, zwyci\u0119skie oraz obfite. Jest dok\u0142adnie takie, jakie zaplanowa\u0142 je dla nas B\u00f3g.<\/p>\t\t\t\t\t\t\t\t<\/div>\n\t\t\t\t<\/div>\n\t\t\t\t<div class=\"elementor-element elementor-element-b541d68 animated-slow elementor-invisible elementor-widget elementor-widget-text-editor\" data-id=\"b541d68\" data-element_type=\"widget\" data-e-type=\"widget\" data-settings=\"{&quot;_animation&quot;:&quot;fadeIn&quot;,&quot;_animation_delay&quot;:500}\" data-widget_type=\"text-editor.default\">\n\t\t\t\t<div class=\"elementor-widget-container\">\n\t\t\t\t\t\t\t\t\t<h2 id=\"mochtest-du-wissen-ob-gott-wirklich-existiert-ob-er-sich-uns-offenbart-ob-er-antwortet\" class=\"wp-block-heading has-pale-cyan-blue-color has-text-color\">Opieramy si\u0119 na Biblii<\/h2><p>B\u00f3g odpowiedzia\u0142 na nasz\u0105 wiar\u0119, nape\u0142niaj\u0105c nas Duchem \u015awi\u0119tym, co z kolei zakorzeni\u0142o w nas szacunek do Biblii, czyli Jego S\u0142owa. Opieramy si\u0119 w ca\u0142o\u015bci na Biblii, co oznacza, \u017ce u\u017cywamy jej jako przewodnika zar\u00f3wno po naszym \u017cyciu, jak i naukach ko\u015bcio\u0142a. Nasze spotkania odbywaj\u0105 si\u0119 dok\u0142adnie tak, jak nakazuje Biblia.<\/p>\t\t\t\t\t\t\t\t<\/div>\n\t\t\t\t<\/div>\n\t\t\t\t\t<\/div>\n\t\t\t\t<\/div>\n\t\t\t\t<div class=\"elementor-element elementor-element-f21542b animated-slow elementor-invisible elementor-widget elementor-widget-image\" data-id=\"f21542b\" data-element_type=\"widget\" data-e-type=\"widget\" data-settings=\"{&quot;_animation&quot;:&quot;fadeInLeft&quot;,&quot;_animation_delay&quot;:500}\" data-widget_type=\"image.default\">\n\t\t\t\t<div class=\"elementor-widget-container\">\n\t\t\t\t\t\t\t\t\t\t\t\t\t\t\t<img fetchpriority=\"high\" decoding=\"async\" data-attachment-id=\"789\" data-permalink=\"https:\/\/rccpolska.com\/pl\/o-nas\/taufe-volles-untertauchen-im-wasser\/\" data-orig-file=\"https:\/\/i0.wp.com\/rccpolska.com\/wp-content\/uploads\/2023\/05\/taufe-volles-untertauchen-im-wasser.jpg?fit=1920%2C1440&amp;ssl=1\" data-orig-size=\"1920,1440\" data-comments-opened=\"0\" data-image-meta=\"{&quot;aperture&quot;:&quot;0&quot;,&quot;credit&quot;:&quot;&quot;,&quot;camera&quot;:&quot;&quot;,&quot;caption&quot;:&quot;&quot;,&quot;created_timestamp&quot;:&quot;0&quot;,&quot;copyright&quot;:&quot;&quot;,&quot;focal_length&quot;:&quot;0&quot;,&quot;iso&quot;:&quot;0&quot;,&quot;shutter_speed&quot;:&quot;0&quot;,&quot;title&quot;:&quot;&quot;,&quot;orientation&quot;:&quot;0&quot;}\" data-image-title=\"baptizm-by-full-immersion\" data-image-description=\"&lt;p&gt;baptizm-by-full-immersion&lt;\/p&gt;\n\" data-image-caption=\"\" data-large-file=\"https:\/\/i0.wp.com\/rccpolska.com\/wp-content\/uploads\/2023\/05\/taufe-volles-untertauchen-im-wasser.jpg?fit=525%2C394&amp;ssl=1\" width=\"1920\" height=\"1440\" src=\"https:\/\/i0.wp.com\/rccpolska.com\/wp-content\/uploads\/2023\/05\/taufe-volles-untertauchen-im-wasser.jpg?fit=1920%2C1440&amp;ssl=1\" class=\"attachment-full size-full wp-image-789\" alt=\"baptizm-by-full-immersion\" srcset=\"https:\/\/i0.wp.com\/rccpolska.com\/wp-content\/uploads\/2023\/05\/taufe-volles-untertauchen-im-wasser.jpg?w=1920&amp;ssl=1 1920w, https:\/\/i0.wp.com\/rccpolska.com\/wp-content\/uploads\/2023\/05\/taufe-volles-untertauchen-im-wasser.jpg?resize=300%2C225&amp;ssl=1 300w, https:\/\/i0.wp.com\/rccpolska.com\/wp-content\/uploads\/2023\/05\/taufe-volles-untertauchen-im-wasser.jpg?resize=1024%2C768&amp;ssl=1 1024w, https:\/\/i0.wp.com\/rccpolska.com\/wp-content\/uploads\/2023\/05\/taufe-volles-untertauchen-im-wasser.jpg?resize=768%2C576&amp;ssl=1 768w, https:\/\/i0.wp.com\/rccpolska.com\/wp-content\/uploads\/2023\/05\/taufe-volles-untertauchen-im-wasser.jpg?resize=1536%2C1152&amp;ssl=1 1536w, https:\/\/i0.wp.com\/rccpolska.com\/wp-content\/uploads\/2023\/05\/taufe-volles-untertauchen-im-wasser.jpg?w=1288&amp;ssl=1 1288w\" sizes=\"100vw\" data-attachment-id=\"789\" data-permalink=\"https:\/\/rccpolska.com\/pl\/o-nas\/taufe-volles-untertauchen-im-wasser\/\" data-orig-file=\"https:\/\/i0.wp.com\/rccpolska.com\/wp-content\/uploads\/2023\/05\/taufe-volles-untertauchen-im-wasser.jpg?fit=1920%2C1440&amp;ssl=1\" data-orig-size=\"1920,1440\" data-comments-opened=\"0\" data-image-meta=\"{&quot;aperture&quot;:&quot;0&quot;,&quot;credit&quot;:&quot;&quot;,&quot;camera&quot;:&quot;&quot;,&quot;caption&quot;:&quot;&quot;,&quot;created_timestamp&quot;:&quot;0&quot;,&quot;copyright&quot;:&quot;&quot;,&quot;focal_length&quot;:&quot;0&quot;,&quot;iso&quot;:&quot;0&quot;,&quot;shutter_speed&quot;:&quot;0&quot;,&quot;title&quot;:&quot;&quot;,&quot;orientation&quot;:&quot;0&quot;}\" data-image-title=\"baptizm-by-full-immersion\" data-image-description=\"&lt;p&gt;baptizm-by-full-immersion&lt;\/p&gt;\n\" data-image-caption=\"\" data-large-file=\"https:\/\/i0.wp.com\/rccpolska.com\/wp-content\/uploads\/2023\/05\/taufe-volles-untertauchen-im-wasser.jpg?fit=644%2C483&amp;ssl=1\" \/>\t\t\t\t\t\t\t\t\t\t\t\t\t\t\t<\/div>\n\t\t\t\t<\/div>\n\t\t\t\t<div class=\"elementor-element elementor-element-e09c1e6 animated-slow elementor-invisible elementor-widget elementor-widget-text-editor\" data-id=\"e09c1e6\" data-element_type=\"widget\" data-e-type=\"widget\" data-settings=\"{&quot;_animation&quot;:&quot;fadeIn&quot;}\" data-widget_type=\"text-editor.default\">\n\t\t\t\t<div class=\"elementor-widget-container\">\n\t\t\t\t\t\t\t\t\t<h2 id=\"mochtest-du-wissen-ob-gott-wirklich-existiert-ob-er-sich-uns-offenbart-ob-er-antwortet\" class=\"wp-block-heading has-pale-cyan-blue-color has-text-color\">Gdzie jeste\u015bmy<\/h2><p>Ko\u015bci\u00f3\u0142 Revival Centers International sk\u0142ada si\u0119 z oko\u0142o 300 grup znajduj\u0105cych si\u0119 w krajach takich jak: Australia, Nowa Zelandia, Kanada, USA, Fid\u017ci, W\u0142ochy, Kenia, Papua Nowa Gwinea, Malawi, Anglia oraz w wielu innych.<\/p>\t\t\t\t\t\t\t\t<\/div>\n\t\t\t\t<\/div>\n\t\t\t\t<div class=\"elementor-element elementor-element-34063d1 animated-slow elementor-invisible elementor-widget elementor-widget-text-editor\" data-id=\"34063d1\" data-element_type=\"widget\" data-e-type=\"widget\" data-settings=\"{&quot;_animation&quot;:&quot;fadeIn&quot;,&quot;_animation_delay&quot;:500}\" data-widget_type=\"text-editor.default\">\n\t\t\t\t<div class=\"elementor-widget-container\">\n\t\t\t\t\t\t\t\t\t<h2 id=\"mochtest-du-wissen-ob-gott-wirklich-existiert-ob-er-sich-uns-offenbart-ob-er-antwortet\" class=\"wp-block-heading has-pale-cyan-blue-color has-text-color\">Zwyczajni i niezwykli<\/h2><p>Jeste\u015bmy zwyczajnymi lud\u017ami. W Revival Centers znajdziesz przekr\u00f3j ca\u0142ego spo\u0142ecze\u0144stwa. \u017byjemy normalnym \u017cyciem &#8211; nie mamy specjalnych wsp\u00f3lnot \u017cyj\u0105cych w izolacji, \u017cadnych podziwianych guru, przyw\u00f3dc\u00f3w kultowych, ani wyodr\u0119bniaj\u0105cych si\u0119 kap\u0142an\u00f3w. Cz\u0142onkowie Revival Centres \u017cyj\u0105 w twoim s\u0105siedztwie, pracuj\u0105 z tob\u0105, chodz\u0105 do szko\u0142y oraz bior\u0105 udzia\u0142 w \u017cyciu spo\u0142ecznym. Wyr\u00f3\u017cniamy si\u0119 jedynie w jeden spos\u00f3b &#8211; B\u00f3g uczyni\u0142 co\u015b niesamowitego w naszych \u017cyciach, da\u0142 nam nadziej\u0119, jak i si\u0142\u0119, aby j\u0105 wype\u0142ni\u0107.<\/p><p>Mo\u017cemy \u015bmia\u0142o powiedzie\u0107, \u017ce \u017cyjemy \u017cyciem \u201ezr\u00f3wnowa\u017conego podekscytowania\u201d. Przydarzy\u0142o si\u0119 nam co\u015b niesamowitego, czym by\u015bmy chcieli si\u0119 z wami podzieli\u0107.<\/p><div>\u00a0<\/div>\t\t\t\t\t\t\t\t<\/div>\n\t\t\t\t<\/div>\n\t\t\t\t<div class=\"elementor-element elementor-element-d8e8e00 elementor-widget elementor-widget-text-editor\" data-id=\"d8e8e00\" data-element_type=\"widget\" data-e-type=\"widget\" data-widget_type=\"text-editor.default\">\n\t\t\t\t<div class=\"elementor-widget-container\">\n\t\t\t\t\t\t\t\t\t<p><a href=\"https:\/\/rccpolska.com\/kontakt\/\">Kontakt<\/a><\/p><p><a href=\"https:\/\/rccpolska.com\/wierzymy\/\">Wiara<\/a><\/p>\t\t\t\t\t\t\t\t<\/div>\n\t\t\t\t<\/div>\n\t\t\t\t\t<\/div>\n\t\t<\/div>\n\t\t\t\t\t<\/div>\n\t\t<\/section>\n\t\t\t\t<\/div>\n\t\t","protected":false},"excerpt":{"rendered":"<p>Kim jeste\u015bmy Nasz ko\u015bci\u00f3\u0142 RCC Polska jest grup\u0105 ludzi, kt\u00f3ra zebra\u0142a si\u0119 razem, pod\u0105\u017caj\u0105c za niesamowitym do\u015bwiadczeniem mocy i obecno\u015bci Boga w naszym \u017cyciu. Ka\u017cdy z cz\u0142onk\u00f3w ko\u015bcio\u0142a otrzyma\u0142 Ducha \u015awi\u0119tego, czego namacalnym dowodem, opisanym w Biblii jest fakt, \u017ce wszyscy m\u00f3wimy j\u0119zykami. W momencie, w kt\u00f3rym otrzymali\u015bmy Ducha \u015awi\u0119tego Jezus Chrystus sta\u0142 si\u0119 dla &hellip; <\/p>\n<p class=\"link-more\"><a href=\"https:\/\/rccpolska.com\/pl\/\" class=\"more-link\">Czytaj dalej<span class=\"screen-reader-text\"> \u201eO nas\u201d<\/span><\/a><\/p>\n","protected":false},"author":2,"featured_media":0,"parent":0,"menu_order":0,"comment_status":"closed","ping_status":"closed","template":"","meta":{"nf_dc_page":"","om_disable_all_campaigns":false,"_monsterinsights_skip_tracking":false,"_monsterinsights_sitenote_active":false,"_monsterinsights_sitenote_note":"","_monsterinsights_sitenote_category":0,"footnotes":""},"class_list":["post-35","page","type-page","status-publish","hentry"],"yoast_head":"<!-- This site is optimized with the Yoast SEO plugin v27.4 - https:\/\/yoast.com\/product\/yoast-seo-wordpress\/ -->\n<title>RCC Polska - O nas | Dowiedz si\u0119 wi\u0119cej o naszym Ko\u015bciele<\/title>\n<meta name=\"description\" content=\"RCC Polska - Pod\u0105\u017camy za pe\u0142n\u0105 doktryn\u0105 Jezusa Chrystusa.\" \/>\n<meta name=\"robots\" content=\"index, follow, max-snippet:-1, max-image-preview:large, max-video-preview:-1\" \/>\n<link rel=\"canonical\" href=\"https:\/\/rccpolska.com\/pl\/\" \/>\n<meta property=\"og:locale\" content=\"pl_PL\" \/>\n<meta property=\"og:type\" content=\"article\" \/>\n<meta property=\"og:title\" content=\"RCC Polska - O nas | Dowiedz si\u0119 wi\u0119cej o naszym Ko\u015bciele\" \/>\n<meta property=\"og:description\" content=\"RCC Polska - Pod\u0105\u017camy za pe\u0142n\u0105 doktryn\u0105 Jezusa Chrystusa.\" \/>\n<meta property=\"og:url\" content=\"https:\/\/rccpolska.com\/pl\/\" \/>\n<meta property=\"og:site_name\" content=\"RCC-Polska\" \/>\n<meta property=\"article:modified_time\" content=\"2023-10-12T18:30:06+00:00\" \/>\n<meta property=\"og:image\" content=\"https:\/\/rccpolska.com\/wp-content\/uploads\/2023\/05\/taufe-volles-untertauchen-im-wasser.jpg\" \/>\n<meta name=\"twitter:card\" content=\"summary_large_image\" \/>\n<meta name=\"twitter:label1\" content=\"Szacowany czas czytania\" \/>\n\t<meta name=\"twitter:data1\" content=\"2 minuty\" \/>\n<script type=\"application\/ld+json\" class=\"yoast-schema-graph\">{\"@context\":\"https:\\\/\\\/schema.org\",\"@graph\":[{\"@type\":\"WebPage\",\"@id\":\"https:\\\/\\\/rccpolska.com\\\/pl\\\/\",\"url\":\"https:\\\/\\\/rccpolska.com\\\/pl\\\/\",\"name\":\"RCC Polska - O nas | Dowiedz si\u0119 wi\u0119cej o naszym Ko\u015bciele\",\"isPartOf\":{\"@id\":\"https:\\\/\\\/rccpolska.com\\\/#website\"},\"primaryImageOfPage\":{\"@id\":\"https:\\\/\\\/rccpolska.com\\\/pl\\\/#primaryimage\"},\"image\":{\"@id\":\"https:\\\/\\\/rccpolska.com\\\/pl\\\/#primaryimage\"},\"thumbnailUrl\":\"https:\\\/\\\/rccpolska.com\\\/wp-content\\\/uploads\\\/2023\\\/05\\\/taufe-volles-untertauchen-im-wasser.jpg\",\"datePublished\":\"2023-05-22T04:29:14+00:00\",\"dateModified\":\"2023-10-12T18:30:06+00:00\",\"description\":\"RCC Polska - Pod\u0105\u017camy za pe\u0142n\u0105 doktryn\u0105 Jezusa Chrystusa.\",\"breadcrumb\":{\"@id\":\"https:\\\/\\\/rccpolska.com\\\/pl\\\/#breadcrumb\"},\"inLanguage\":\"pl-PL\",\"potentialAction\":[{\"@type\":\"ReadAction\",\"target\":[\"https:\\\/\\\/rccpolska.com\\\/pl\\\/\"]}]},{\"@type\":\"ImageObject\",\"inLanguage\":\"pl-PL\",\"@id\":\"https:\\\/\\\/rccpolska.com\\\/pl\\\/#primaryimage\",\"url\":\"https:\\\/\\\/rccpolska.com\\\/wp-content\\\/uploads\\\/2023\\\/05\\\/taufe-volles-untertauchen-im-wasser.jpg\",\"contentUrl\":\"https:\\\/\\\/rccpolska.com\\\/wp-content\\\/uploads\\\/2023\\\/05\\\/taufe-volles-untertauchen-im-wasser.jpg\"},{\"@type\":\"BreadcrumbList\",\"@id\":\"https:\\\/\\\/rccpolska.com\\\/pl\\\/#breadcrumb\",\"itemListElement\":[{\"@type\":\"ListItem\",\"position\":1,\"name\":\"Home\",\"item\":\"https:\\\/\\\/rccpolska.com\\\/pl\\\/\"},{\"@type\":\"ListItem\",\"position\":2,\"name\":\"O nas\"}]},{\"@type\":\"WebSite\",\"@id\":\"https:\\\/\\\/rccpolska.com\\\/#website\",\"url\":\"https:\\\/\\\/rccpolska.com\\\/\",\"name\":\"RCC-Polska\",\"description\":\"Zbawienie przez Pana Jezusa Chrystusa\",\"publisher\":{\"@id\":\"https:\\\/\\\/rccpolska.com\\\/#organization\"},\"potentialAction\":[{\"@type\":\"SearchAction\",\"target\":{\"@type\":\"EntryPoint\",\"urlTemplate\":\"https:\\\/\\\/rccpolska.com\\\/?s={search_term_string}\"},\"query-input\":{\"@type\":\"PropertyValueSpecification\",\"valueRequired\":true,\"valueName\":\"search_term_string\"}}],\"inLanguage\":\"pl-PL\"},{\"@type\":\"Organization\",\"@id\":\"https:\\\/\\\/rccpolska.com\\\/#organization\",\"name\":\"Revival Centres Church Polska\",\"alternateName\":\"RCC Polska\",\"url\":\"https:\\\/\\\/rccpolska.com\\\/\",\"logo\":{\"@type\":\"ImageObject\",\"inLanguage\":\"pl-PL\",\"@id\":\"https:\\\/\\\/rccpolska.com\\\/#\\\/schema\\\/logo\\\/image\\\/\",\"url\":\"https:\\\/\\\/i0.wp.com\\\/rccpolska.com\\\/wp-content\\\/uploads\\\/2023\\\/05\\\/rcc-logo.jpg?fit=600%2C633&ssl=1\",\"contentUrl\":\"https:\\\/\\\/i0.wp.com\\\/rccpolska.com\\\/wp-content\\\/uploads\\\/2023\\\/05\\\/rcc-logo.jpg?fit=600%2C633&ssl=1\",\"width\":600,\"height\":633,\"caption\":\"Revival Centres Church Polska\"},\"image\":{\"@id\":\"https:\\\/\\\/rccpolska.com\\\/#\\\/schema\\\/logo\\\/image\\\/\"}}]}<\/script>\n<!-- \/ Yoast SEO plugin. -->","yoast_head_json":{"title":"RCC Polska - O nas | Dowiedz si\u0119 wi\u0119cej o naszym Ko\u015bciele","description":"RCC Polska - Pod\u0105\u017camy za pe\u0142n\u0105 doktryn\u0105 Jezusa Chrystusa.","robots":{"index":"index","follow":"follow","max-snippet":"max-snippet:-1","max-image-preview":"max-image-preview:large","max-video-preview":"max-video-preview:-1"},"canonical":"https:\/\/rccpolska.com\/pl\/","og_locale":"pl_PL","og_type":"article","og_title":"RCC Polska - O nas | Dowiedz si\u0119 wi\u0119cej o naszym Ko\u015bciele","og_description":"RCC Polska - Pod\u0105\u017camy za pe\u0142n\u0105 doktryn\u0105 Jezusa Chrystusa.","og_url":"https:\/\/rccpolska.com\/pl\/","og_site_name":"RCC-Polska","article_modified_time":"2023-10-12T18:30:06+00:00","og_image":[{"url":"https:\/\/rccpolska.com\/wp-content\/uploads\/2023\/05\/taufe-volles-untertauchen-im-wasser.jpg","type":"","width":"","height":""}],"twitter_card":"summary_large_image","twitter_misc":{"Szacowany czas czytania":"2 minuty"},"schema":{"@context":"https:\/\/schema.org","@graph":[{"@type":"WebPage","@id":"https:\/\/rccpolska.com\/pl\/","url":"https:\/\/rccpolska.com\/pl\/","name":"RCC Polska - O nas | Dowiedz si\u0119 wi\u0119cej o naszym Ko\u015bciele","isPartOf":{"@id":"https:\/\/rccpolska.com\/#website"},"primaryImageOfPage":{"@id":"https:\/\/rccpolska.com\/pl\/#primaryimage"},"image":{"@id":"https:\/\/rccpolska.com\/pl\/#primaryimage"},"thumbnailUrl":"https:\/\/rccpolska.com\/wp-content\/uploads\/2023\/05\/taufe-volles-untertauchen-im-wasser.jpg","datePublished":"2023-05-22T04:29:14+00:00","dateModified":"2023-10-12T18:30:06+00:00","description":"RCC Polska - Pod\u0105\u017camy za pe\u0142n\u0105 doktryn\u0105 Jezusa Chrystusa.","breadcrumb":{"@id":"https:\/\/rccpolska.com\/pl\/#breadcrumb"},"inLanguage":"pl-PL","potentialAction":[{"@type":"ReadAction","target":["https:\/\/rccpolska.com\/pl\/"]}]},{"@type":"ImageObject","inLanguage":"pl-PL","@id":"https:\/\/rccpolska.com\/pl\/#primaryimage","url":"https:\/\/rccpolska.com\/wp-content\/uploads\/2023\/05\/taufe-volles-untertauchen-im-wasser.jpg","contentUrl":"https:\/\/rccpolska.com\/wp-content\/uploads\/2023\/05\/taufe-volles-untertauchen-im-wasser.jpg"},{"@type":"BreadcrumbList","@id":"https:\/\/rccpolska.com\/pl\/#breadcrumb","itemListElement":[{"@type":"ListItem","position":1,"name":"Home","item":"https:\/\/rccpolska.com\/pl\/"},{"@type":"ListItem","position":2,"name":"O nas"}]},{"@type":"WebSite","@id":"https:\/\/rccpolska.com\/#website","url":"https:\/\/rccpolska.com\/","name":"RCC-Polska","description":"Zbawienie przez Pana Jezusa Chrystusa","publisher":{"@id":"https:\/\/rccpolska.com\/#organization"},"potentialAction":[{"@type":"SearchAction","target":{"@type":"EntryPoint","urlTemplate":"https:\/\/rccpolska.com\/?s={search_term_string}"},"query-input":{"@type":"PropertyValueSpecification","valueRequired":true,"valueName":"search_term_string"}}],"inLanguage":"pl-PL"},{"@type":"Organization","@id":"https:\/\/rccpolska.com\/#organization","name":"Revival Centres Church Polska","alternateName":"RCC Polska","url":"https:\/\/rccpolska.com\/","logo":{"@type":"ImageObject","inLanguage":"pl-PL","@id":"https:\/\/rccpolska.com\/#\/schema\/logo\/image\/","url":"https:\/\/i0.wp.com\/rccpolska.com\/wp-content\/uploads\/2023\/05\/rcc-logo.jpg?fit=600%2C633&ssl=1","contentUrl":"https:\/\/i0.wp.com\/rccpolska.com\/wp-content\/uploads\/2023\/05\/rcc-logo.jpg?fit=600%2C633&ssl=1","width":600,"height":633,"caption":"Revival Centres Church Polska"},"image":{"@id":"https:\/\/rccpolska.com\/#\/schema\/logo\/image\/"}}]}},"jetpack_sharing_enabled":true,"_links":{"self":[{"href":"https:\/\/rccpolska.com\/pl\/wp-json\/wp\/v2\/pages\/35","targetHints":{"allow":["GET"]}}],"collection":[{"href":"https:\/\/rccpolska.com\/pl\/wp-json\/wp\/v2\/pages"}],"about":[{"href":"https:\/\/rccpolska.com\/pl\/wp-json\/wp\/v2\/types\/page"}],"author":[{"embeddable":true,"href":"https:\/\/rccpolska.com\/pl\/wp-json\/wp\/v2\/users\/2"}],"replies":[{"embeddable":true,"href":"https:\/\/rccpolska.com\/pl\/wp-json\/wp\/v2\/comments?post=35"}],"version-history":[{"count":5,"href":"https:\/\/rccpolska.com\/pl\/wp-json\/wp\/v2\/pages\/35\/revisions"}],"predecessor-version":[{"id":1510,"href":"https:\/\/rccpolska.com\/pl\/wp-json\/wp\/v2\/pages\/35\/revisions\/1510"}],"wp:attachment":[{"href":"https:\/\/rccpolska.com\/pl\/wp-json\/wp\/v2\/media?parent=35"}],"curies":[{"name":"wp","href":"https:\/\/api.w.org\/{rel}","templated":true}]}}