{"id":126,"date":"2021-05-14T13:34:13","date_gmt":"2021-05-14T12:34:13","guid":{"rendered":"https:\/\/rccchristengemeinde.wordpress.com\/?page_id=126"},"modified":"2023-06-01T21:02:49","modified_gmt":"2023-06-01T21:02:49","slug":"wierzymy","status":"publish","type":"page","link":"https:\/\/rccpolska.com\/pl\/wierzymy\/","title":{"rendered":"Wiara"},"content":{"rendered":"\t\t<div data-elementor-type=\"wp-page\" data-elementor-id=\"126\" class=\"elementor elementor-126\">\n\t\t\t\t<div class=\"elementor-element elementor-element-23726ac e-flex e-con-boxed e-con e-parent\" data-id=\"23726ac\" data-element_type=\"container\" data-e-type=\"container\">\n\t\t\t\t\t<div class=\"e-con-inner\">\n\t\t<div class=\"elementor-element elementor-element-0256565 e-con-full animated-slow e-flex elementor-invisible e-con e-parent\" data-id=\"0256565\" data-element_type=\"container\" data-e-type=\"container\" data-settings=\"{&quot;animation&quot;:&quot;fadeInRight&quot;,&quot;animation_delay&quot;:500}\">\n\t\t\t\t<div class=\"elementor-element elementor-element-e3b2618 elementor-widget elementor-widget-text-editor\" data-id=\"e3b2618\" data-element_type=\"widget\" data-e-type=\"widget\" data-widget_type=\"text-editor.default\">\n\t\t\t\t<div class=\"elementor-widget-container\">\n\t\t\t\t\t\t\t\t\t\n<h2 class=\"wp-block-heading has-pale-cyan-blue-color has-text-color has-x-large-font-size\" id=\"wir-glauben-an\" style=\"font-style:normal;font-weight:500\">Wierzymy . . .<\/h2>\n\n\n\n<div style=\"height:21px\" aria-hidden=\"true\" class=\"wp-block-spacer\"><\/div>\n\n\n\n<div class=\"wp-block-cover lightblue-border wp-duotone-000000-ffffff-5\" style=\"min-height:471px;aspect-ratio:unset;\"><span aria-hidden=\"true\" class=\"wp-block-cover__background has-background-dim\"><\/span><img fetchpriority=\"high\" decoding=\"async\" data-attachment-id=\"535\" data-permalink=\"https:\/\/rccpolska.com\/pl\/bibel\/\" data-orig-file=\"https:\/\/i0.wp.com\/rccpolska.com\/wp-content\/uploads\/2021\/12\/bibel.jpg?fit=1920%2C1440&amp;ssl=1\" data-orig-size=\"1920,1440\" data-comments-opened=\"0\" data-image-meta=\"{&quot;aperture&quot;:&quot;0&quot;,&quot;credit&quot;:&quot;&quot;,&quot;camera&quot;:&quot;&quot;,&quot;caption&quot;:&quot;&quot;,&quot;created_timestamp&quot;:&quot;0&quot;,&quot;copyright&quot;:&quot;&quot;,&quot;focal_length&quot;:&quot;0&quot;,&quot;iso&quot;:&quot;0&quot;,&quot;shutter_speed&quot;:&quot;0&quot;,&quot;title&quot;:&quot;&quot;,&quot;orientation&quot;:&quot;0&quot;}\" data-image-title=\"Bible\" data-image-description=\"&lt;p&gt;Bible&lt;\/p&gt;\n\" data-image-caption=\"\" data-large-file=\"https:\/\/i0.wp.com\/rccpolska.com\/wp-content\/uploads\/2021\/12\/bibel.jpg?fit=525%2C394&amp;ssl=1\" data-recalc-dims=\"1\" height=\"394\" width=\"525\" class=\"wp-block-cover__image-background wp-image-535\" alt=\"Bible\" src=\"https:\/\/i0.wp.com\/rccpolska.com\/wp-content\/uploads\/2021\/12\/bibel.jpg?resize=525%2C394&#038;ssl=1\" data-object-fit=\"cover\" srcset=\"https:\/\/i0.wp.com\/rccpolska.com\/wp-content\/uploads\/2021\/12\/bibel.jpg?w=1920&amp;ssl=1 1920w, https:\/\/i0.wp.com\/rccpolska.com\/wp-content\/uploads\/2021\/12\/bibel.jpg?resize=300%2C225&amp;ssl=1 300w, https:\/\/i0.wp.com\/rccpolska.com\/wp-content\/uploads\/2021\/12\/bibel.jpg?resize=1024%2C768&amp;ssl=1 1024w, https:\/\/i0.wp.com\/rccpolska.com\/wp-content\/uploads\/2021\/12\/bibel.jpg?resize=768%2C576&amp;ssl=1 768w, https:\/\/i0.wp.com\/rccpolska.com\/wp-content\/uploads\/2021\/12\/bibel.jpg?w=1575&amp;ssl=1 1575w\" sizes=\"(max-width: 525px) 100vw, 525px\" \/><div class=\"wp-block-cover__inner-container is-layout-flow wp-block-cover-is-layout-flow\">\n<h2 class=\"wp-block-heading has-text-align-right has-pale-cyan-blue-color has-text-color\" id=\"wir-glauben-an\" style=\"font-size:1.9rem;font-style:normal;font-weight:400\">. . . w niepodwa\u017calno\u015b\u0107 Biblii<\/h2>\n\n\n\n<p><\/p>\n\n\n\n<p class=\"m4\" style=\"font-size:1rem\">\u201eJezus Chrystus wczoraj i dzi\u015b, ten sam i na wieki\u201d.<\/p>\n\n\n\n<p style=\"font-size:0.7rem\"><em>List \u015bw. Paw\u0142a do Hebrajczyk\u00f3w 13:8<\/em><\/p>\n\n\n\n<p class=\"m4\" style=\"font-size:1rem\">\u201eCa\u0142e Pismo przez Boga jest natchnione i po\u017cyteczne do nauki, do wykrywania b\u0142\u0119d\u00f3w, do poprawy, do wychowywania w sprawiedliwo\u015bci, Aby cz\u0142owiek Bo\u017cy by\u0142 doskona\u0142y, do wszelkiego dobrego dzie\u0142a przygotowany\u201d.<\/p>\n\n\n\n<p style=\"font-size:0.7rem\"><em>2 List \u015bw. Paw\u0142a do Tymoteusza 3:16\u201317<\/em><\/p>\n<\/div><\/div>\n\n\n\n<div style=\"height:62px\" aria-hidden=\"true\" class=\"wp-block-spacer\"><\/div>\n\n\n\n<div class=\"wp-block-cover lightblue-border wp-duotone-000000-ffffff-6\" style=\"min-height:349px;aspect-ratio:unset;\"><span aria-hidden=\"true\" class=\"wp-block-cover__background has-background-dim\"><\/span><img decoding=\"async\" width=\"1280\" height=\"853\" data-attachment-id=\"599\" data-permalink=\"https:\/\/rccpolska.com\/pl\/kreuz-2\/\" data-orig-file=\"https:\/\/i0.wp.com\/rccpolska.com\/wp-content\/uploads\/2022\/04\/kreuz-1.jpg?fit=1280%2C853&amp;ssl=1\" data-orig-size=\"1280,853\" data-comments-opened=\"0\" data-image-meta=\"{&quot;aperture&quot;:&quot;0&quot;,&quot;credit&quot;:&quot;&quot;,&quot;camera&quot;:&quot;&quot;,&quot;caption&quot;:&quot;&quot;,&quot;created_timestamp&quot;:&quot;0&quot;,&quot;copyright&quot;:&quot;&quot;,&quot;focal_length&quot;:&quot;0&quot;,&quot;iso&quot;:&quot;0&quot;,&quot;shutter_speed&quot;:&quot;0&quot;,&quot;title&quot;:&quot;&quot;,&quot;orientation&quot;:&quot;0&quot;}\" data-image-title=\"cross\" data-image-description=\"&lt;p&gt;cross&lt;\/p&gt;\n\" data-image-caption=\"\" data-large-file=\"https:\/\/i0.wp.com\/rccpolska.com\/wp-content\/uploads\/2022\/04\/kreuz-1.jpg?fit=525%2C350&amp;ssl=1\" data-recalc-dims=\"1\" class=\"wp-block-cover__image-background wp-image-599\" alt=\"cross\" src=\"https:\/\/i0.wp.com\/rccpolska.com\/wp-content\/uploads\/2022\/04\/kreuz-1.jpg?w=525&#038;ssl=1\" data-object-fit=\"cover\" srcset=\"https:\/\/i0.wp.com\/rccpolska.com\/wp-content\/uploads\/2022\/04\/kreuz-1.jpg?w=1280&amp;ssl=1 1280w, https:\/\/i0.wp.com\/rccpolska.com\/wp-content\/uploads\/2022\/04\/kreuz-1.jpg?resize=300%2C200&amp;ssl=1 300w, https:\/\/i0.wp.com\/rccpolska.com\/wp-content\/uploads\/2022\/04\/kreuz-1.jpg?resize=1024%2C682&amp;ssl=1 1024w, https:\/\/i0.wp.com\/rccpolska.com\/wp-content\/uploads\/2022\/04\/kreuz-1.jpg?resize=768%2C512&amp;ssl=1 768w\" sizes=\"(max-width: 767px) 89vw, (max-width: 1000px) 54vw, (max-width: 1071px) 543px, 580px\" \/><div class=\"wp-block-cover__inner-container is-layout-flow wp-block-cover-is-layout-flow\">\n<h2 class=\"wp-block-heading has-text-align-right has-pale-cyan-blue-color has-text-color\" id=\"wir-glauben-an\" style=\"font-size:1.5rem;font-style:normal;font-weight:400\">. . . w JEZUSA CHRYSTUSA, kt\u00f3ry jest synem Boga i kt\u00f3remu nale\u017cy oddawa\u0107 cze\u015b\u0107.<\/h2>\n\n\n\n<p><\/p>\n\n\n\n<p class=\"m4\" style=\"font-size:1rem\">\u201eAby czcili Syna, jak czcz\u0105 Ojca. Kto nie czci Syna, ten nie czci Ojca, kt\u00f3ry go pos\u0142a\u0142. Zaprawd\u0119, zaprawd\u0119, powiadam wam, kto s\u0142ucha s\u0142owa mego i wierzy temu, kt\u00f3ry mnie pos\u0142a\u0142, ma \u017cywot wieczny i nie stanie przed s\u0105dem, lecz przeszed\u0142 z \u015bmierci do \u017cywota\u201d.<\/p>\n\n\n\n<p style=\"font-size:0.7rem\"><em>Ewangelia \u015bw. Jana 5:23 \u201324<\/em><\/p>\n<\/div><\/div>\n\n\n\n<div style=\"height:62px\" aria-hidden=\"true\" class=\"wp-block-spacer\"><\/div>\n\n\n\n<div class=\"wp-block-cover is-light lightblue-border wp-duotone-000000-ffffff-7\" style=\"min-height:530px;aspect-ratio:unset;\"><span aria-hidden=\"true\" class=\"wp-block-cover__background has-background-dim\"><\/span><img decoding=\"async\" width=\"720\" height=\"480\" data-attachment-id=\"818\" data-permalink=\"https:\/\/rccpolska.com\/pl\/wierzymy\/tongues\/\" data-orig-file=\"https:\/\/i0.wp.com\/rccpolska.com\/wp-content\/uploads\/2023\/05\/Tongues.jpg?fit=720%2C480&amp;ssl=1\" data-orig-size=\"720,480\" data-comments-opened=\"1\" data-image-meta=\"{&quot;aperture&quot;:&quot;0&quot;,&quot;credit&quot;:&quot;&quot;,&quot;camera&quot;:&quot;&quot;,&quot;caption&quot;:&quot;&quot;,&quot;created_timestamp&quot;:&quot;0&quot;,&quot;copyright&quot;:&quot;&quot;,&quot;focal_length&quot;:&quot;0&quot;,&quot;iso&quot;:&quot;0&quot;,&quot;shutter_speed&quot;:&quot;0&quot;,&quot;title&quot;:&quot;&quot;,&quot;orientation&quot;:&quot;0&quot;}\" data-image-title=\"Tongues\" data-image-description=\"&lt;p&gt;speaking in tongues&lt;\/p&gt;\n\" data-image-caption=\"\" data-large-file=\"https:\/\/i0.wp.com\/rccpolska.com\/wp-content\/uploads\/2023\/05\/Tongues.jpg?fit=525%2C350&amp;ssl=1\" data-recalc-dims=\"1\" class=\"wp-block-cover__image-background wp-image-818\" alt=\"Tongues\" src=\"https:\/\/i0.wp.com\/rccpolska.com\/wp-content\/uploads\/2023\/05\/Tongues.jpg?w=525&#038;ssl=1\" style=\"object-position:0% 8%\" data-object-fit=\"cover\" data-object-position=\"0% 8%\" srcset=\"https:\/\/i0.wp.com\/rccpolska.com\/wp-content\/uploads\/2023\/05\/Tongues.jpg?w=720&amp;ssl=1 720w, https:\/\/i0.wp.com\/rccpolska.com\/wp-content\/uploads\/2023\/05\/Tongues.jpg?resize=300%2C200&amp;ssl=1 300w\" sizes=\"(max-width: 525px) 100vw, 525px\" \/><div class=\"wp-block-cover__inner-container is-layout-flow wp-block-cover-is-layout-flow\">\n<h2 class=\"wp-block-heading has-text-align-right has-pale-cyan-blue-color has-text-color\" id=\"wir-glauben-an\" style=\"font-size:1.5rem;font-style:normal;font-weight:400\">. . . , \u017ce aby narodzi\u0107 si\u0119 na nowo potrzebny jest chrzest z wody i z Ducha \u015awi\u0119tego, kt\u00f3rego dowodem otrzymania jest m\u00f3wienie j\u0119zykami<\/h2>\n\n\n\n<p><\/p>\n\n\n\n<p class=\"m4 has-white-color has-text-color\" style=\"font-size:1rem\">\u201eOdpowiedzia\u0142 Jezus: Zaprawd\u0119, zaprawd\u0119, powiadam ci, je\u015bli si\u0119 kto nie narodzi z wody i z Ducha, nie mo\u017ce wej\u015b\u0107 do Kr\u00f3lestwa Bo\u017cego\u201d.<\/p>\n\n\n\n<p class=\"has-white-color has-text-color\" style=\"font-size:0.7rem\"><em><em>Ewangelia \u015bw. Jana 3:5<\/em><\/em><\/p>\n\n\n\n<p class=\"m4 has-white-color has-text-color\" style=\"font-size:1rem\">\u201eKto uwierzy i ochrzczony zostanie, b\u0119dzie zbawiony, ale kto nie uwierzy, b\u0119dzie pot\u0119piony. A takie znaki b\u0119d\u0105 towarzyszy\u0142y tym, kt\u00f3rzy uwierzyli: w imieniu moim demony wygania\u0107 b\u0119d\u0105, nowymi j\u0119zykami m\u00f3wi\u0107 b\u0119d\u0105, W\u0119\u017ce bra\u0107 b\u0119d\u0105, a cho\u0107by co\u015b truj\u0105cego wypili, nie zaszkodzi im. Na chorych r\u0119ce k\u0142a\u015b\u0107 b\u0119d\u0105, a ci wyzdrowiej\u0105\u201d.<\/p>\n\n\n\n<p class=\"has-white-color has-text-color\" style=\"font-size:0.7rem\"><em>Ewangelia \u015bw. Marka 16:16\u201318<\/em><\/p>\n<\/div><\/div>\n\n\n\n<div style=\"height:62px\" aria-hidden=\"true\" class=\"wp-block-spacer\"><\/div>\n\n\n\n<div class=\"wp-block-cover lightblue-border wp-duotone-000000-ffffff-8\" style=\"min-height:349px;aspect-ratio:unset;\"><span aria-hidden=\"true\" class=\"wp-block-cover__background has-background-dim\"><\/span><img loading=\"lazy\" decoding=\"async\" width=\"1920\" height=\"1280\" data-attachment-id=\"538\" data-permalink=\"https:\/\/rccpolska.com\/pl\/ruckkunft\/\" data-orig-file=\"https:\/\/i0.wp.com\/rccpolska.com\/wp-content\/uploads\/2021\/12\/ruckkunft.jpg?fit=1920%2C1280&amp;ssl=1\" data-orig-size=\"1920,1280\" data-comments-opened=\"0\" data-image-meta=\"{&quot;aperture&quot;:&quot;0&quot;,&quot;credit&quot;:&quot;&quot;,&quot;camera&quot;:&quot;&quot;,&quot;caption&quot;:&quot;&quot;,&quot;created_timestamp&quot;:&quot;0&quot;,&quot;copyright&quot;:&quot;&quot;,&quot;focal_length&quot;:&quot;0&quot;,&quot;iso&quot;:&quot;0&quot;,&quot;shutter_speed&quot;:&quot;0&quot;,&quot;title&quot;:&quot;&quot;,&quot;orientation&quot;:&quot;0&quot;}\" data-image-title=\"Sky\" data-image-description=\"&lt;p&gt;Sky&lt;\/p&gt;\n\" data-image-caption=\"\" data-large-file=\"https:\/\/i0.wp.com\/rccpolska.com\/wp-content\/uploads\/2021\/12\/ruckkunft.jpg?fit=525%2C350&amp;ssl=1\" data-recalc-dims=\"1\" class=\"wp-block-cover__image-background wp-image-538\" alt=\"Sky\" src=\"https:\/\/i0.wp.com\/rccpolska.com\/wp-content\/uploads\/2021\/12\/ruckkunft.jpg?w=525&#038;ssl=1\" data-object-fit=\"cover\" srcset=\"https:\/\/i0.wp.com\/rccpolska.com\/wp-content\/uploads\/2021\/12\/ruckkunft.jpg?w=1920&amp;ssl=1 1920w, https:\/\/i0.wp.com\/rccpolska.com\/wp-content\/uploads\/2021\/12\/ruckkunft.jpg?resize=300%2C200&amp;ssl=1 300w, https:\/\/i0.wp.com\/rccpolska.com\/wp-content\/uploads\/2021\/12\/ruckkunft.jpg?resize=1024%2C683&amp;ssl=1 1024w, https:\/\/i0.wp.com\/rccpolska.com\/wp-content\/uploads\/2021\/12\/ruckkunft.jpg?resize=768%2C512&amp;ssl=1 768w, https:\/\/i0.wp.com\/rccpolska.com\/wp-content\/uploads\/2021\/12\/ruckkunft.jpg?resize=1536%2C1024&amp;ssl=1 1536w\" sizes=\"(max-width: 767px) 89vw, (max-width: 1000px) 54vw, (max-width: 1071px) 543px, 580px\" \/><div class=\"wp-block-cover__inner-container is-layout-flow wp-block-cover-is-layout-flow\">\n<h2 class=\"wp-block-heading has-text-align-right has-pale-cyan-blue-color has-text-color\" id=\"wir-glauben-an\" style=\"font-size:1.6rem;font-style:normal;font-weight:400\">. . . w BOGA, kt\u00f3ry codziennie jest obecny w \u017cyciu cz\u0142owieka oraz odpowiada na jego modlitwy.<\/h2>\n\n\n\n<p><\/p>\n\n\n\n<p class=\"m4\" style=\"font-size:1rem\">\u201eI o cokolwiek prosi\u0107 b\u0119dziecie w imieniu moim, to uczyni\u0119, aby Ojciec by\u0142 uwielbiony w Synu. Je\u015bli o co prosi\u0107 b\u0119dziecie w imieniu moim, spe\u0142ni\u0119 to. Je\u015bli mnie mi\u0142ujecie, przykaza\u0144 moich przestrzega\u0107 b\u0119dziecie\u201d.<\/p>\n\n\n\n<p style=\"font-size:0.7rem\"><em><em>Ewangelia \u015bw. Jana 14:13\u201315<\/em><\/em><\/p>\n<\/div><\/div>\n\n\n\n<div style=\"height:62px\" aria-hidden=\"true\" class=\"wp-block-spacer\"><\/div>\n\t\t\t\t\t\t\t\t<\/div>\n\t\t\t\t<\/div>\n\t\t\t\t<\/div>\n\t\t\t\t\t<\/div>\n\t\t\t\t<\/div>\n\t\t\t\t<\/div>\n\t\t","protected":false},"excerpt":{"rendered":"<p>Wierzymy . . .<\/p>\n","protected":false},"author":2,"featured_media":0,"parent":0,"menu_order":0,"comment_status":"closed","ping_status":"closed","template":"","meta":{"nf_dc_page":"","om_disable_all_campaigns":false,"_monsterinsights_skip_tracking":false,"_monsterinsights_sitenote_active":false,"_monsterinsights_sitenote_note":"","_monsterinsights_sitenote_category":0,"footnotes":""},"class_list":["post-126","page","type-page","status-publish","hentry"],"yoast_head":"<!-- This site is optimized with the Yoast SEO plugin v27.4 - https:\/\/yoast.com\/product\/yoast-seo-wordpress\/ -->\n<title>Wiara - RCC-Polska<\/title>\n<meta name=\"robots\" content=\"index, follow, max-snippet:-1, max-image-preview:large, max-video-preview:-1\" \/>\n<link rel=\"canonical\" href=\"https:\/\/rccpolska.com\/pl\/wierzymy\/\" \/>\n<meta property=\"og:locale\" content=\"pl_PL\" \/>\n<meta property=\"og:type\" content=\"article\" \/>\n<meta property=\"og:title\" content=\"Wiara - RCC-Polska\" \/>\n<meta property=\"og:description\" content=\"Wierzymy . . .\" \/>\n<meta property=\"og:url\" content=\"https:\/\/rccpolska.com\/pl\/wierzymy\/\" \/>\n<meta property=\"og:site_name\" content=\"RCC-Polska\" \/>\n<meta property=\"article:modified_time\" content=\"2023-06-01T21:02:49+00:00\" \/>\n<meta property=\"og:image\" content=\"https:\/\/rccpolska.com\/wp-content\/uploads\/2021\/12\/bibel-1024x768.jpg\" \/>\n<meta name=\"twitter:card\" content=\"summary_large_image\" \/>\n<meta name=\"twitter:label1\" content=\"Szacowany czas czytania\" \/>\n\t<meta name=\"twitter:data1\" content=\"2 minuty\" \/>\n<script type=\"application\/ld+json\" class=\"yoast-schema-graph\">{\"@context\":\"https:\\\/\\\/schema.org\",\"@graph\":[{\"@type\":\"WebPage\",\"@id\":\"https:\\\/\\\/rccpolska.com\\\/wierzymy\\\/\",\"url\":\"https:\\\/\\\/rccpolska.com\\\/wierzymy\\\/\",\"name\":\"Wiara - RCC-Polska\",\"isPartOf\":{\"@id\":\"https:\\\/\\\/rccpolska.com\\\/#website\"},\"primaryImageOfPage\":{\"@id\":\"https:\\\/\\\/rccpolska.com\\\/wierzymy\\\/#primaryimage\"},\"image\":{\"@id\":\"https:\\\/\\\/rccpolska.com\\\/wierzymy\\\/#primaryimage\"},\"thumbnailUrl\":\"https:\\\/\\\/rccpolska.com\\\/wp-content\\\/uploads\\\/2021\\\/12\\\/bibel-1024x768.jpg\",\"datePublished\":\"2021-05-14T12:34:13+00:00\",\"dateModified\":\"2023-06-01T21:02:49+00:00\",\"breadcrumb\":{\"@id\":\"https:\\\/\\\/rccpolska.com\\\/wierzymy\\\/#breadcrumb\"},\"inLanguage\":\"pl-PL\",\"potentialAction\":[{\"@type\":\"ReadAction\",\"target\":[\"https:\\\/\\\/rccpolska.com\\\/wierzymy\\\/\"]}]},{\"@type\":\"ImageObject\",\"inLanguage\":\"pl-PL\",\"@id\":\"https:\\\/\\\/rccpolska.com\\\/wierzymy\\\/#primaryimage\",\"url\":\"https:\\\/\\\/rccpolska.com\\\/wp-content\\\/uploads\\\/2021\\\/12\\\/bibel-1024x768.jpg\",\"contentUrl\":\"https:\\\/\\\/rccpolska.com\\\/wp-content\\\/uploads\\\/2021\\\/12\\\/bibel-1024x768.jpg\"},{\"@type\":\"BreadcrumbList\",\"@id\":\"https:\\\/\\\/rccpolska.com\\\/wierzymy\\\/#breadcrumb\",\"itemListElement\":[{\"@type\":\"ListItem\",\"position\":1,\"name\":\"Home\",\"item\":\"https:\\\/\\\/rccpolska.com\\\/pl\\\/\"},{\"@type\":\"ListItem\",\"position\":2,\"name\":\"Wiara\"}]},{\"@type\":\"WebSite\",\"@id\":\"https:\\\/\\\/rccpolska.com\\\/#website\",\"url\":\"https:\\\/\\\/rccpolska.com\\\/\",\"name\":\"RCC-Polska\",\"description\":\"Zbawienie przez Pana Jezusa Chrystusa\",\"publisher\":{\"@id\":\"https:\\\/\\\/rccpolska.com\\\/#organization\"},\"potentialAction\":[{\"@type\":\"SearchAction\",\"target\":{\"@type\":\"EntryPoint\",\"urlTemplate\":\"https:\\\/\\\/rccpolska.com\\\/?s={search_term_string}\"},\"query-input\":{\"@type\":\"PropertyValueSpecification\",\"valueRequired\":true,\"valueName\":\"search_term_string\"}}],\"inLanguage\":\"pl-PL\"},{\"@type\":\"Organization\",\"@id\":\"https:\\\/\\\/rccpolska.com\\\/#organization\",\"name\":\"Revival Centres Church Polska\",\"alternateName\":\"RCC Polska\",\"url\":\"https:\\\/\\\/rccpolska.com\\\/\",\"logo\":{\"@type\":\"ImageObject\",\"inLanguage\":\"pl-PL\",\"@id\":\"https:\\\/\\\/rccpolska.com\\\/#\\\/schema\\\/logo\\\/image\\\/\",\"url\":\"https:\\\/\\\/i0.wp.com\\\/rccpolska.com\\\/wp-content\\\/uploads\\\/2023\\\/05\\\/rcc-logo.jpg?fit=600%2C633&ssl=1\",\"contentUrl\":\"https:\\\/\\\/i0.wp.com\\\/rccpolska.com\\\/wp-content\\\/uploads\\\/2023\\\/05\\\/rcc-logo.jpg?fit=600%2C633&ssl=1\",\"width\":600,\"height\":633,\"caption\":\"Revival Centres Church Polska\"},\"image\":{\"@id\":\"https:\\\/\\\/rccpolska.com\\\/#\\\/schema\\\/logo\\\/image\\\/\"}}]}<\/script>\n<!-- \/ Yoast SEO plugin. -->","yoast_head_json":{"title":"Wiara - RCC-Polska","robots":{"index":"index","follow":"follow","max-snippet":"max-snippet:-1","max-image-preview":"max-image-preview:large","max-video-preview":"max-video-preview:-1"},"canonical":"https:\/\/rccpolska.com\/pl\/wierzymy\/","og_locale":"pl_PL","og_type":"article","og_title":"Wiara - RCC-Polska","og_description":"Wierzymy . . .","og_url":"https:\/\/rccpolska.com\/pl\/wierzymy\/","og_site_name":"RCC-Polska","article_modified_time":"2023-06-01T21:02:49+00:00","og_image":[{"url":"https:\/\/rccpolska.com\/wp-content\/uploads\/2021\/12\/bibel-1024x768.jpg","type":"","width":"","height":""}],"twitter_card":"summary_large_image","twitter_misc":{"Szacowany czas czytania":"2 minuty"},"schema":{"@context":"https:\/\/schema.org","@graph":[{"@type":"WebPage","@id":"https:\/\/rccpolska.com\/wierzymy\/","url":"https:\/\/rccpolska.com\/wierzymy\/","name":"Wiara - RCC-Polska","isPartOf":{"@id":"https:\/\/rccpolska.com\/#website"},"primaryImageOfPage":{"@id":"https:\/\/rccpolska.com\/wierzymy\/#primaryimage"},"image":{"@id":"https:\/\/rccpolska.com\/wierzymy\/#primaryimage"},"thumbnailUrl":"https:\/\/rccpolska.com\/wp-content\/uploads\/2021\/12\/bibel-1024x768.jpg","datePublished":"2021-05-14T12:34:13+00:00","dateModified":"2023-06-01T21:02:49+00:00","breadcrumb":{"@id":"https:\/\/rccpolska.com\/wierzymy\/#breadcrumb"},"inLanguage":"pl-PL","potentialAction":[{"@type":"ReadAction","target":["https:\/\/rccpolska.com\/wierzymy\/"]}]},{"@type":"ImageObject","inLanguage":"pl-PL","@id":"https:\/\/rccpolska.com\/wierzymy\/#primaryimage","url":"https:\/\/rccpolska.com\/wp-content\/uploads\/2021\/12\/bibel-1024x768.jpg","contentUrl":"https:\/\/rccpolska.com\/wp-content\/uploads\/2021\/12\/bibel-1024x768.jpg"},{"@type":"BreadcrumbList","@id":"https:\/\/rccpolska.com\/wierzymy\/#breadcrumb","itemListElement":[{"@type":"ListItem","position":1,"name":"Home","item":"https:\/\/rccpolska.com\/pl\/"},{"@type":"ListItem","position":2,"name":"Wiara"}]},{"@type":"WebSite","@id":"https:\/\/rccpolska.com\/#website","url":"https:\/\/rccpolska.com\/","name":"RCC-Polska","description":"Zbawienie przez Pana Jezusa Chrystusa","publisher":{"@id":"https:\/\/rccpolska.com\/#organization"},"potentialAction":[{"@type":"SearchAction","target":{"@type":"EntryPoint","urlTemplate":"https:\/\/rccpolska.com\/?s={search_term_string}"},"query-input":{"@type":"PropertyValueSpecification","valueRequired":true,"valueName":"search_term_string"}}],"inLanguage":"pl-PL"},{"@type":"Organization","@id":"https:\/\/rccpolska.com\/#organization","name":"Revival Centres Church Polska","alternateName":"RCC Polska","url":"https:\/\/rccpolska.com\/","logo":{"@type":"ImageObject","inLanguage":"pl-PL","@id":"https:\/\/rccpolska.com\/#\/schema\/logo\/image\/","url":"https:\/\/i0.wp.com\/rccpolska.com\/wp-content\/uploads\/2023\/05\/rcc-logo.jpg?fit=600%2C633&ssl=1","contentUrl":"https:\/\/i0.wp.com\/rccpolska.com\/wp-content\/uploads\/2023\/05\/rcc-logo.jpg?fit=600%2C633&ssl=1","width":600,"height":633,"caption":"Revival Centres Church Polska"},"image":{"@id":"https:\/\/rccpolska.com\/#\/schema\/logo\/image\/"}}]}},"jetpack_sharing_enabled":true,"_links":{"self":[{"href":"https:\/\/rccpolska.com\/pl\/wp-json\/wp\/v2\/pages\/126","targetHints":{"allow":["GET"]}}],"collection":[{"href":"https:\/\/rccpolska.com\/pl\/wp-json\/wp\/v2\/pages"}],"about":[{"href":"https:\/\/rccpolska.com\/pl\/wp-json\/wp\/v2\/types\/page"}],"author":[{"embeddable":true,"href":"https:\/\/rccpolska.com\/pl\/wp-json\/wp\/v2\/users\/2"}],"replies":[{"embeddable":true,"href":"https:\/\/rccpolska.com\/pl\/wp-json\/wp\/v2\/comments?post=126"}],"version-history":[{"count":10,"href":"https:\/\/rccpolska.com\/pl\/wp-json\/wp\/v2\/pages\/126\/revisions"}],"predecessor-version":[{"id":1184,"href":"https:\/\/rccpolska.com\/pl\/wp-json\/wp\/v2\/pages\/126\/revisions\/1184"}],"wp:attachment":[{"href":"https:\/\/rccpolska.com\/pl\/wp-json\/wp\/v2\/media?parent=126"}],"curies":[{"name":"wp","href":"https:\/\/api.w.org\/{rel}","templated":true}]}}