{"id":50,"date":"2021-04-29T14:30:52","date_gmt":"2021-04-29T13:30:52","guid":{"rendered":"https:\/\/rccchristengemeinde.wordpress.com\/?page_id=50"},"modified":"2023-09-21T15:54:24","modified_gmt":"2023-09-21T15:54:24","slug":"kontakt","status":"publish","type":"page","link":"https:\/\/rccpolska.com\/en\/kontakt\/","title":{"rendered":"Contact"},"content":{"rendered":"<div data-elementor-type=\"wp-page\" data-elementor-id=\"50\" class=\"elementor elementor-50\">\n\t\t\t\t<div class=\"elementor-element elementor-element-6ecb8c7c e-flex e-con-boxed e-con e-parent\" data-id=\"6ecb8c7c\" data-element_type=\"container\" data-e-type=\"container\">\n\t\t\t\t\t<div class=\"e-con-inner\">\n\t\t\t\t<div class=\"elementor-element elementor-element-475e827c elementor-widget elementor-widget-text-editor\" data-id=\"475e827c\" data-element_type=\"widget\" data-e-type=\"widget\" data-widget_type=\"text-editor.default\">\n\t\t\t\t<div class=\"elementor-widget-container\">\n\t\t\t\t\t\t\t\t\t<p><\/p><div class=\"wp-block-media-text alignwide has-media-on-the-right is-stacked-on-mobile\" style=\"grid-template-columns: auto 18%;\"><div class=\"wp-block-media-text__content\"><p><\/p><h2 id=\"kontakt-italien\" class=\"wp-block-heading has-pale-cyan-blue-color has-text-color\">Kontakt:<\/h2><p>Contact<\/p><p><\/p><p class=\"m4 has-medium-font-size\">Pastor <strong>Konrad Karpowicz<\/strong><\/p><p><\/p><p style=\"font-size: 1.8rem;\"><strong>(+48) 798 525 439<\/strong><\/p><p><\/p><\/div><figure class=\"wp-block-media-text__media\"><img fetchpriority=\"high\" decoding=\"async\" data-attachment-id=\"896\" data-permalink=\"https:\/\/rccpolska.com\/en\/kontakt\/kontakt-2\/\" data-orig-file=\"https:\/\/i0.wp.com\/rccpolska.com\/wp-content\/uploads\/2023\/05\/kontakt.png?fit=1280%2C1280&amp;ssl=1\" data-orig-size=\"1280,1280\" data-comments-opened=\"1\" data-image-meta=\"{&quot;aperture&quot;:&quot;0&quot;,&quot;credit&quot;:&quot;&quot;,&quot;camera&quot;:&quot;&quot;,&quot;caption&quot;:&quot;&quot;,&quot;created_timestamp&quot;:&quot;0&quot;,&quot;copyright&quot;:&quot;&quot;,&quot;focal_length&quot;:&quot;0&quot;,&quot;iso&quot;:&quot;0&quot;,&quot;shutter_speed&quot;:&quot;0&quot;,&quot;title&quot;:&quot;&quot;,&quot;orientation&quot;:&quot;0&quot;}\" data-image-title=\"kontakt\" data-image-description=\"&lt;p&gt;kontakt&lt;\/p&gt;\" data-image-caption=\"\" data-large-file=\"https:\/\/i0.wp.com\/rccpolska.com\/wp-content\/uploads\/2023\/05\/kontakt.png?fit=525%2C525&amp;ssl=1\" data-recalc-dims=\"1\" height=\"525\" width=\"525\" class=\"wp-image-896 size-full\" src=\"https:\/\/i0.wp.com\/rccpolska.com\/wp-content\/uploads\/2023\/05\/kontakt.png?resize=525%2C525&#038;ssl=1\" alt=\"RCC kontakt\" srcset=\"https:\/\/i0.wp.com\/rccpolska.com\/wp-content\/uploads\/2023\/05\/kontakt.png?w=1280&amp;ssl=1 1280w, https:\/\/i0.wp.com\/rccpolska.com\/wp-content\/uploads\/2023\/05\/kontakt.png?resize=300%2C300&amp;ssl=1 300w, https:\/\/i0.wp.com\/rccpolska.com\/wp-content\/uploads\/2023\/05\/kontakt.png?resize=1024%2C1024&amp;ssl=1 1024w, https:\/\/i0.wp.com\/rccpolska.com\/wp-content\/uploads\/2023\/05\/kontakt.png?resize=150%2C150&amp;ssl=1 150w, https:\/\/i0.wp.com\/rccpolska.com\/wp-content\/uploads\/2023\/05\/kontakt.png?resize=768%2C768&amp;ssl=1 768w, https:\/\/i0.wp.com\/rccpolska.com\/wp-content\/uploads\/2023\/05\/kontakt.png?resize=100%2C100&amp;ssl=1 100w\" sizes=\"(max-width: 525px) 100vw, 525px\" \/><\/figure><\/div><p id=\"links-zu-internetseiten-aus-anderen-landern\" class=\"wp-block-heading has-pale-cyan-blue-color has-text-color\"><a href=\"https:\/\/rccpolska.com\/en\/\">About us<\/a><\/p><h2 class=\"wp-block-heading has-pale-cyan-blue-color has-text-color\">Linki do stron RCC z innych kraj\u00f3w:<\/h2><p><\/p><p class=\"has-medium-font-size\"><a href=\"https:\/\/rccchristengemeinde.org\" target=\"_blank\" rel=\"noreferrer noopener\">https:\/\/rccchristengemeinde.org<\/a><br \/><a href=\"https:\/\/revivalcentres.org\" target=\"_blank\" rel=\"noreferrer noopener\">https:\/\/revivalcentres.org<\/a><\/p><p><\/p>\t\t\t\t\t\t\t\t<\/div>\n\t\t\t\t<\/div>\n\t\t\t\t\t<\/div>\n\t\t\t\t<\/div>\n\t\t\t\t<\/div>","protected":false},"excerpt":{"rendered":"<p>Kontakt: Skontaktuj si\u0119 z RCC Polska Pastor Konrad Karpowicz (+48) 798 525 439 Kim jeste\u015bmy Linki do stron RCC z innych kraj\u00f3w: https:\/\/rccchristengemeinde.orghttps:\/\/revivalcentres.org<\/p>","protected":false},"author":2,"featured_media":0,"parent":0,"menu_order":0,"comment_status":"closed","ping_status":"closed","template":"","meta":{"nf_dc_page":"","om_disable_all_campaigns":false,"_monsterinsights_skip_tracking":false,"_monsterinsights_sitenote_active":false,"_monsterinsights_sitenote_note":"","_monsterinsights_sitenote_category":0,"footnotes":""},"class_list":["post-50","page","type-page","status-publish","hentry"],"yoast_head":"<!-- This site is optimized with the Yoast SEO plugin v27.4 - https:\/\/yoast.com\/product\/yoast-seo-wordpress\/ -->\n<title>RCC Polska Kontakt | Revival Centres Church Polska<\/title>\n<meta name=\"description\" content=\"\u015amia\u0142o i skontaktuj si\u0119 z naszym pastorem w RCC Polska | Zr\u00f3b w\u0142a\u015bciwy krok w kierunku swojego zbawienia przez Jezusa Chrystusa\" \/>\n<meta name=\"robots\" content=\"index, follow, max-snippet:-1, max-image-preview:large, max-video-preview:-1\" \/>\n<link rel=\"canonical\" href=\"https:\/\/rccpolska.com\/en\/kontakt\/\" \/>\n<meta property=\"og:locale\" content=\"en_GB\" \/>\n<meta property=\"og:type\" content=\"article\" \/>\n<meta property=\"og:title\" content=\"RCC Polska Kontakt | Revival Centres Church Polska\" \/>\n<meta property=\"og:description\" content=\"\u015amia\u0142o i skontaktuj si\u0119 z naszym pastorem w RCC Polska | Zr\u00f3b w\u0142a\u015bciwy krok w kierunku swojego zbawienia przez Jezusa Chrystusa\" \/>\n<meta property=\"og:url\" content=\"https:\/\/rccpolska.com\/en\/kontakt\/\" \/>\n<meta property=\"og:site_name\" content=\"RCC-Polska\" \/>\n<meta property=\"article:modified_time\" content=\"2023-09-21T15:54:24+00:00\" \/>\n<meta property=\"og:image\" content=\"https:\/\/rccpolska.com\/wp-content\/uploads\/2023\/05\/kontakt-1024x1024.png\" \/>\n<meta name=\"twitter:card\" content=\"summary_large_image\" \/>\n<meta name=\"twitter:label1\" content=\"Estimated reading time\" \/>\n\t<meta name=\"twitter:data1\" content=\"1 minute\" \/>\n<script type=\"application\/ld+json\" class=\"yoast-schema-graph\">{\"@context\":\"https:\\\/\\\/schema.org\",\"@graph\":[{\"@type\":\"WebPage\",\"@id\":\"https:\\\/\\\/rccpolska.com\\\/kontakt\\\/\",\"url\":\"https:\\\/\\\/rccpolska.com\\\/kontakt\\\/\",\"name\":\"RCC Polska Kontakt | Revival Centres Church Polska\",\"isPartOf\":{\"@id\":\"https:\\\/\\\/rccpolska.com\\\/#website\"},\"primaryImageOfPage\":{\"@id\":\"https:\\\/\\\/rccpolska.com\\\/kontakt\\\/#primaryimage\"},\"image\":{\"@id\":\"https:\\\/\\\/rccpolska.com\\\/kontakt\\\/#primaryimage\"},\"thumbnailUrl\":\"https:\\\/\\\/rccpolska.com\\\/wp-content\\\/uploads\\\/2023\\\/05\\\/kontakt-1024x1024.png\",\"datePublished\":\"2021-04-29T13:30:52+00:00\",\"dateModified\":\"2023-09-21T15:54:24+00:00\",\"description\":\"\u015amia\u0142o i skontaktuj si\u0119 z naszym pastorem w RCC Polska | Zr\u00f3b w\u0142a\u015bciwy krok w kierunku swojego zbawienia przez Jezusa Chrystusa\",\"breadcrumb\":{\"@id\":\"https:\\\/\\\/rccpolska.com\\\/kontakt\\\/#breadcrumb\"},\"inLanguage\":\"en-GB\",\"potentialAction\":[{\"@type\":\"ReadAction\",\"target\":[\"https:\\\/\\\/rccpolska.com\\\/kontakt\\\/\"]}]},{\"@type\":\"ImageObject\",\"inLanguage\":\"en-GB\",\"@id\":\"https:\\\/\\\/rccpolska.com\\\/kontakt\\\/#primaryimage\",\"url\":\"https:\\\/\\\/rccpolska.com\\\/wp-content\\\/uploads\\\/2023\\\/05\\\/kontakt-1024x1024.png\",\"contentUrl\":\"https:\\\/\\\/rccpolska.com\\\/wp-content\\\/uploads\\\/2023\\\/05\\\/kontakt-1024x1024.png\"},{\"@type\":\"BreadcrumbList\",\"@id\":\"https:\\\/\\\/rccpolska.com\\\/kontakt\\\/#breadcrumb\",\"itemListElement\":[{\"@type\":\"ListItem\",\"position\":1,\"name\":\"Home\",\"item\":\"https:\\\/\\\/rccpolska.com\\\/pl\\\/\"},{\"@type\":\"ListItem\",\"position\":2,\"name\":\"Skontaktuj si\u0119 z RCC Polska\"}]},{\"@type\":\"WebSite\",\"@id\":\"https:\\\/\\\/rccpolska.com\\\/#website\",\"url\":\"https:\\\/\\\/rccpolska.com\\\/\",\"name\":\"RCC-Polska\",\"description\":\"Zbawienie przez Pana Jezusa Chrystusa\",\"publisher\":{\"@id\":\"https:\\\/\\\/rccpolska.com\\\/#organization\"},\"potentialAction\":[{\"@type\":\"SearchAction\",\"target\":{\"@type\":\"EntryPoint\",\"urlTemplate\":\"https:\\\/\\\/rccpolska.com\\\/?s={search_term_string}\"},\"query-input\":{\"@type\":\"PropertyValueSpecification\",\"valueRequired\":true,\"valueName\":\"search_term_string\"}}],\"inLanguage\":\"en-GB\"},{\"@type\":\"Organization\",\"@id\":\"https:\\\/\\\/rccpolska.com\\\/#organization\",\"name\":\"Revival Centres Church Polska\",\"alternateName\":\"RCC Polska\",\"url\":\"https:\\\/\\\/rccpolska.com\\\/\",\"logo\":{\"@type\":\"ImageObject\",\"inLanguage\":\"en-GB\",\"@id\":\"https:\\\/\\\/rccpolska.com\\\/#\\\/schema\\\/logo\\\/image\\\/\",\"url\":\"https:\\\/\\\/i0.wp.com\\\/rccpolska.com\\\/wp-content\\\/uploads\\\/2023\\\/05\\\/rcc-logo.jpg?fit=600%2C633&ssl=1\",\"contentUrl\":\"https:\\\/\\\/i0.wp.com\\\/rccpolska.com\\\/wp-content\\\/uploads\\\/2023\\\/05\\\/rcc-logo.jpg?fit=600%2C633&ssl=1\",\"width\":600,\"height\":633,\"caption\":\"Revival Centres Church Polska\"},\"image\":{\"@id\":\"https:\\\/\\\/rccpolska.com\\\/#\\\/schema\\\/logo\\\/image\\\/\"}}]}<\/script>\n<!-- \/ Yoast SEO plugin. -->","yoast_head_json":{"title":"RCC Polska Kontakt | Revival Centres Church Polska","description":"\u015amia\u0142o i skontaktuj si\u0119 z naszym pastorem w RCC Polska | Zr\u00f3b w\u0142a\u015bciwy krok w kierunku swojego zbawienia przez Jezusa Chrystusa","robots":{"index":"index","follow":"follow","max-snippet":"max-snippet:-1","max-image-preview":"max-image-preview:large","max-video-preview":"max-video-preview:-1"},"canonical":"https:\/\/rccpolska.com\/en\/kontakt\/","og_locale":"en_GB","og_type":"article","og_title":"RCC Polska Kontakt | Revival Centres Church Polska","og_description":"\u015amia\u0142o i skontaktuj si\u0119 z naszym pastorem w RCC Polska | Zr\u00f3b w\u0142a\u015bciwy krok w kierunku swojego zbawienia przez Jezusa Chrystusa","og_url":"https:\/\/rccpolska.com\/en\/kontakt\/","og_site_name":"RCC-Polska","article_modified_time":"2023-09-21T15:54:24+00:00","og_image":[{"url":"https:\/\/rccpolska.com\/wp-content\/uploads\/2023\/05\/kontakt-1024x1024.png","type":"","width":"","height":""}],"twitter_card":"summary_large_image","twitter_misc":{"Estimated reading time":"1 minute"},"schema":{"@context":"https:\/\/schema.org","@graph":[{"@type":"WebPage","@id":"https:\/\/rccpolska.com\/kontakt\/","url":"https:\/\/rccpolska.com\/kontakt\/","name":"RCC Polska Kontakt | Revival Centres Church Polska","isPartOf":{"@id":"https:\/\/rccpolska.com\/#website"},"primaryImageOfPage":{"@id":"https:\/\/rccpolska.com\/kontakt\/#primaryimage"},"image":{"@id":"https:\/\/rccpolska.com\/kontakt\/#primaryimage"},"thumbnailUrl":"https:\/\/rccpolska.com\/wp-content\/uploads\/2023\/05\/kontakt-1024x1024.png","datePublished":"2021-04-29T13:30:52+00:00","dateModified":"2023-09-21T15:54:24+00:00","description":"\u015amia\u0142o i skontaktuj si\u0119 z naszym pastorem w RCC Polska | Zr\u00f3b w\u0142a\u015bciwy krok w kierunku swojego zbawienia przez Jezusa Chrystusa","breadcrumb":{"@id":"https:\/\/rccpolska.com\/kontakt\/#breadcrumb"},"inLanguage":"en-GB","potentialAction":[{"@type":"ReadAction","target":["https:\/\/rccpolska.com\/kontakt\/"]}]},{"@type":"ImageObject","inLanguage":"en-GB","@id":"https:\/\/rccpolska.com\/kontakt\/#primaryimage","url":"https:\/\/rccpolska.com\/wp-content\/uploads\/2023\/05\/kontakt-1024x1024.png","contentUrl":"https:\/\/rccpolska.com\/wp-content\/uploads\/2023\/05\/kontakt-1024x1024.png"},{"@type":"BreadcrumbList","@id":"https:\/\/rccpolska.com\/kontakt\/#breadcrumb","itemListElement":[{"@type":"ListItem","position":1,"name":"Home","item":"https:\/\/rccpolska.com\/pl\/"},{"@type":"ListItem","position":2,"name":"Skontaktuj si\u0119 z RCC Polska"}]},{"@type":"WebSite","@id":"https:\/\/rccpolska.com\/#website","url":"https:\/\/rccpolska.com\/","name":"RCC-Polska","description":"Salvation through the Lord Jesus Christ","publisher":{"@id":"https:\/\/rccpolska.com\/#organization"},"potentialAction":[{"@type":"SearchAction","target":{"@type":"EntryPoint","urlTemplate":"https:\/\/rccpolska.com\/?s={search_term_string}"},"query-input":{"@type":"PropertyValueSpecification","valueRequired":true,"valueName":"search_term_string"}}],"inLanguage":"en-GB"},{"@type":"Organization","@id":"https:\/\/rccpolska.com\/#organization","name":"Revival Centres Church Polska","alternateName":"RCC Polska","url":"https:\/\/rccpolska.com\/","logo":{"@type":"ImageObject","inLanguage":"en-GB","@id":"https:\/\/rccpolska.com\/#\/schema\/logo\/image\/","url":"https:\/\/i0.wp.com\/rccpolska.com\/wp-content\/uploads\/2023\/05\/rcc-logo.jpg?fit=600%2C633&ssl=1","contentUrl":"https:\/\/i0.wp.com\/rccpolska.com\/wp-content\/uploads\/2023\/05\/rcc-logo.jpg?fit=600%2C633&ssl=1","width":600,"height":633,"caption":"Revival Centres Church Polska"},"image":{"@id":"https:\/\/rccpolska.com\/#\/schema\/logo\/image\/"}}]}},"jetpack_sharing_enabled":true,"_links":{"self":[{"href":"https:\/\/rccpolska.com\/en\/wp-json\/wp\/v2\/pages\/50","targetHints":{"allow":["GET"]}}],"collection":[{"href":"https:\/\/rccpolska.com\/en\/wp-json\/wp\/v2\/pages"}],"about":[{"href":"https:\/\/rccpolska.com\/en\/wp-json\/wp\/v2\/types\/page"}],"author":[{"embeddable":true,"href":"https:\/\/rccpolska.com\/en\/wp-json\/wp\/v2\/users\/2"}],"replies":[{"embeddable":true,"href":"https:\/\/rccpolska.com\/en\/wp-json\/wp\/v2\/comments?post=50"}],"version-history":[{"count":5,"href":"https:\/\/rccpolska.com\/en\/wp-json\/wp\/v2\/pages\/50\/revisions"}],"predecessor-version":[{"id":1436,"href":"https:\/\/rccpolska.com\/en\/wp-json\/wp\/v2\/pages\/50\/revisions\/1436"}],"wp:attachment":[{"href":"https:\/\/rccpolska.com\/en\/wp-json\/wp\/v2\/media?parent=50"}],"curies":[{"name":"wp","href":"https:\/\/api.w.org\/{rel}","templated":true}]}}